{"id":992,"date":"2020-11-09T17:59:16","date_gmt":"2020-11-09T17:59:16","guid":{"rendered":"http:\/\/almaklinika.eu\/?page_id=992"},"modified":"2022-09-18T11:51:31","modified_gmt":"2022-09-18T11:51:31","slug":"nas","status":"publish","type":"page","link":"https:\/\/almaklinika.eu\/en\/nas\/","title":{"rendered":"NAS OTTHONI SZERVER"},"content":{"rendered":"<figure class=\"wp-block-pullquote\"><blockquote><p>  <strong>Nas szerver otthoni \u00e9s irodai haszn\u00e1latra  <\/strong>  <\/p><cite> NAS EGY INTELLIGENS ADATT\u00c1ROL\u00c1SI MEGOLD\u00c1S OTTHONI \u00c9S IRODAI HASZN\u00c1LATHOZ  <\/cite><\/blockquote><\/figure>\n\n\n\n<p class=\"has-text-align-center\">Az \u00faj Mac sz\u00e1m\u00edt\u00f3g\u00e9pek m\u00e1r alaplapra integr\u00e1lt ssd-vel \u00e9rkeznek, ami el\u00e9g kev\u00e9s t\u00e1rhellyel v\u00e1s\u00e1rolhat\u00f3 meg \u00e9s r\u00e1ad\u00e1sul \u00faj g\u00e9pekn\u00e9l magas fel\u00e1rat k\u00e9rnek a kicsivel nagyobb t\u00e1rhelyek\u00e9rt. A haszn\u00e1lt piacra is hat\u00e1ssal van a kev\u00e9s t\u00e1rhely mert nem sokan fizett\u00e9k meg a magas fel\u00e1rat a t\u00e1rhely\u00e9rt a legt\u00f6bb g\u00e9p 128Gb-os ami nem sok mindenre el\u00e9g. <\/p>\n\n\n\n<p>A NAS erre a probl\u00e9m\u00e1ra egy kompromisszum mentes megold\u00e1st k\u00edn\u00e1l, mert az\u00e9rt a fel\u00e1r\u00e9rt, amit kifizetne a Mac g\u00e9p v\u00e1s\u00e1rl\u00e1s\u00e1n\u00e1l egy nagyobb t\u00e1rhely\u0171 g\u00e9pre, annak a k\u00fcl\u00f6nb\u00f6zet\u00e9b\u0151l egy l\u00e9nyegesen nagyobb t\u00e1rhelyet kap. <\/p>\n\n\n\n<p> <\/p>\n\n\n\n<p>Ha \u00f6n szeretne egy NAS-t de nem tudja be\u00e1ll\u00edtani vagy egyszer\u0171en adatt\u00e1rol\u00e1si probl\u00e9m\u00e1i vannak, \u00e1lland\u00f3an megtelik a mobil vagy notebook t\u00e1rhelye, de nem b\u00edzik a felh\u0151 szolg\u00e1ltat\u00e1sokban, akkor mi ebben tudunk seg\u00edteni. C\u00e9g\u00fcnk v\u00e1llalja, hogy felm\u00e9ri az ig\u00e9nyeit kiv\u00e1lasztja a megfelel\u0151 NAS eszk\u00f6zt \u00e9s mi elv\u00e9gezz\u00fck a teljes be\u00e1ll\u00edt\u00e1st, hogy \u00d6nnek csak haszn\u00e1lnia keljen. <\/p>\n\n\n\n<figure class=\"wp-block-gallery has-nested-images columns-default is-cropped wp-block-gallery-1 is-layout-flex wp-block-gallery-is-layout-flex\">\n<figure class=\"wp-block-image\"><img loading=\"lazy\" decoding=\"async\" width=\"668\" height=\"400\" data-id=\"994\" src=\"http:\/\/almaklinika.eu\/wp-content\/uploads\/2020\/11\/heading.png\" alt=\"\" class=\"wp-image-994\" srcset=\"https:\/\/almaklinika.eu\/wp-content\/uploads\/2020\/11\/heading.png 668w, https:\/\/almaklinika.eu\/wp-content\/uploads\/2020\/11\/heading-300x180.png 300w\" sizes=\"auto, (max-width: 668px) 100vw, 668px\" \/><\/figure>\n\n\n\n<figure class=\"wp-block-image\"><img loading=\"lazy\" decoding=\"async\" width=\"1024\" height=\"613\" data-id=\"995\" src=\"http:\/\/almaklinika.eu\/wp-content\/uploads\/2020\/11\/heading@2x-1024x613.png\" alt=\"\" class=\"wp-image-995\" srcset=\"https:\/\/almaklinika.eu\/wp-content\/uploads\/2020\/11\/heading@2x-1024x613.png 1024w, https:\/\/almaklinika.eu\/wp-content\/uploads\/2020\/11\/heading@2x-300x180.png 300w, https:\/\/almaklinika.eu\/wp-content\/uploads\/2020\/11\/heading@2x-768x460.png 768w, https:\/\/almaklinika.eu\/wp-content\/uploads\/2020\/11\/heading@2x.png 1336w\" sizes=\"auto, (max-width: 1024px) 100vw, 1024px\" \/><\/figure>\n<\/figure>\n\n\n\n<div class=\"wp-block-columns has-2-columns is-layout-flex wp-container-core-columns-is-layout-9d6595d7 wp-block-columns-is-layout-flex\">\n<div class=\"wp-block-column is-layout-flow wp-block-column-is-layout-flow\">\n<p class=\"has-text-align-center\"><strong>Szolg\u00e1ltat\u00e1saink:<\/strong><\/p>\n\n\n\n<p class=\"has-text-align-center\">Megfelel\u0151 NAS eszk\u00f6z kiv\u00e1laszt\u00e1sa<br>NAS eszk\u00f6z telep\u00edt\u00e9se \u00e9s be\u00e1ll\u00edt\u00e1sa<br>Sz\u00e1m\u00edt\u00f3g\u00e9p, mobileszk\u00f6z\u00f6k \u00e9s a NAS k\u00f6z\u00f6tti szinkroniz\u00e1ci\u00f3 be\u00e1ll\u00edt\u00e1sa<br>Oktat\u00e1s hogyan kell haszn\u00e1lni (\u00e1ltal\u00e1ban 1-2 \u00f3r\u00e1t vesz ig\u00e9nybe)<br>Nas megfelel\u0151 m\u0171k\u00f6d\u00e9s\u00e9hez egy\u00e9b kieg\u00e9sz\u00edt\u0151k telep\u00edt\u00e9se<br>H\u00e1l\u00f3zat fejleszt\u00e9se, hogy otthona vagy irod\u00e1ja b\u00e1rmely pontj\u00e1n akad\u00e1s mentesen el tudja \u00e9rni a NAS szerver\u00e9t.<\/p>\n<\/div>\n\n\n\n<div class=\"wp-block-column is-layout-flow wp-block-column-is-layout-flow\">\n<p class=\"has-text-align-center\"><strong>NAS el\u0151nye:<\/strong><\/p>\n\n\n\n<p class=\"has-text-align-center\">Saj\u00e1t felh\u0151szolg\u00e1ltat\u00e1s havid\u00edj n\u00e9lk\u00fcl<br>\u00c1tfog\u00f3, be\u00e9p\u00edtett biztons\u00e1gi megold\u00e1sok<br>B\u00e1rhonnan el\u00e9rhet\u0151ek az adatok<br>Ak\u00e1r korl\u00e1tlan t\u00e1rhelykapacit\u00e1s<br>Ios, MacOS, Android \u00e9s Windows rendszerekkel kompatibilis<br>Speci\u00e1lis megoszt\u00e1si be\u00e1ll\u00edt\u00e1sok (priv\u00e1t \u00e9s c\u00e9ges adatok elk\u00fcl\u00f6n\u00fclve egym\u00e1st\u00f3l)<br>T\u00f6k\u00e9letes f\u00e9nyk\u00e9pt\u00e1rol\u00e1s<br>Biztons\u00e1gi ment\u00e9s t\u00e1rol\u00e1sa az eszk\u00f6zeir\u0151l<br>T\u00e1voli fel\u00fcgyeleti seg\u00edts\u00e9gny\u00fajt\u00e1s<br>Folyamatos szinkroniz\u00e1l\u00e1s van a NAS \u00e9s a mobil eszk\u00f6z\u00f6k k\u00f6z\u00f6tt.<\/p>\n<\/div>\n<\/div>\n\n\n<p><!--StartFragment--><\/p>\n\n\n<p class=\"has-text-align-center\"><strong>Nas h\u00e1tr\u00e1nyai<\/strong><\/p>\n\n\n\n<p class=\"has-text-align-center\">Legink\u00e1bb akkor van h\u00e1tr\u00e1nya, ha szaktud\u00e1s n\u00e9lk\u00fcl v\u00e1s\u00e1rolnak NAS adatt\u00e1rol\u00f3 eszk\u00f6zt, mert sokf\u00e9le van a piacon \u00e9s vannak olyanok is, amiknek a tud\u00e1sa korl\u00e1tozott \u00e9s tov\u00e1bbi el\u0151fizet\u00e9s sz\u00fcks\u00e9ges a t\u00e1voli el\u00e9r\u00e9shez.<\/p>\n\n\n\n<p class=\"has-text-align-center\">Szaktud\u00e1s n\u00e9lk\u00fcl neh\u00e9z be\u00e1ll\u00edtani megfelel\u0151en, de ha n\u00e1lunk v\u00e1s\u00e1rolja a NAS eszk\u00f6z\u00e9t akkor ezt mi elv\u00e9gezz\u00fck. &nbsp;&nbsp;<\/p>\n\n\n<div class=\"wp-block-image\">\n<figure class=\"aligncenter is-resized\"><img loading=\"lazy\" decoding=\"async\" src=\"http:\/\/almaklinika.eu\/wp-content\/uploads\/2020\/11\/naskor-1024x1024.jpg\" alt=\"\" class=\"wp-image-1023\" width=\"527\" height=\"527\" srcset=\"https:\/\/almaklinika.eu\/wp-content\/uploads\/2020\/11\/naskor-1024x1024.jpg 1024w, https:\/\/almaklinika.eu\/wp-content\/uploads\/2020\/11\/naskor-150x150.jpg 150w, https:\/\/almaklinika.eu\/wp-content\/uploads\/2020\/11\/naskor-300x300.jpg 300w, https:\/\/almaklinika.eu\/wp-content\/uploads\/2020\/11\/naskor-768x768.jpg 768w, https:\/\/almaklinika.eu\/wp-content\/uploads\/2020\/11\/naskor.jpg 1654w\" sizes=\"auto, (max-width: 527px) 100vw, 527px\" \/><\/figure>\n<\/div>\n\n\n<p class=\"has-text-align-center\"><strong>\u00d6sszehasonl\u00edt\u00e1s a NAS, felh\u0151t\u00e1rhely \u00e9s a k\u00fcls\u0151 adathordoz\u00f3(HDD vagy pendrive)<\/strong><\/p>\n\n\n\n<figure class=\"wp-block-table is-style-stripes\"><table><tbody><tr><td><\/td><td> <strong>NAS<\/strong> <\/td><td> <strong>Felh\u0151 t\u00e1rhely <br>ICloud, Ondrive, Drobox \u00e9s a t\u00f6bbi szolg\u00e1lt\u00f3<\/strong> <\/td><td>  <strong>k\u00fcls\u0151 adathordoz\u00f3(HDD vagy pendrive)<\/strong> <\/td><\/tr><tr><td> El\u00e9r\u00e9s <\/td><td> Webes fel\u00fclet, alkalmaz\u00e1s, megosztott mappa \u00e9s t\u00e1voli el\u00e9r\u00e9s <\/td><td> Webes fel\u00fclet, alkalmaz\u00e1s \u00e9s megosztott mappa <\/td><td> Usb porton kereszt\u00fcl \u00f6sszek\u00f6tve   <\/td><\/tr><tr><td> Hozz\u00e1f\u00e9r\u00e9s <\/td><td> T\u00f6bb felhaszn\u00e1l\u00f3 t\u00f6bb eszk\u00f6zr\u0151l <\/td><td> Egy felhaszn\u00e1l\u00f3 t\u00f6bb eszk\u00f6zr\u0151l  <\/td><td> Egy felhaszn\u00e1l\u00f3 egy eszk\u00f6zr\u0151l  <\/td><\/tr><tr><td> Biztons\u00e1g <\/td><td> Magas<br>Megfelel\u0151 be\u00e1ll\u00edt\u00e1ssal  \u00e9s eszk\u00f6z\u00f6kkel <\/td><td> K\u00f6zepes<br>Nem tudni, hogy hol melyik orsz\u00e1gba t\u00e1rolj\u00e1k adatokat \u00e9s az adatokb\u00f3l milyen inform\u00e1ci\u00f3t haszn\u00e1lnak fel jogosan vagy jogtalanul. <\/td><td> Alacsony<br>V\u00edrusos g\u00e9ppel val\u00f3 kapcsolat sor\u00e1n elveszthetnek az adatok \u00e9s gyakori a fizikai meghib\u00e1sod\u00e1s. <\/td><\/tr><tr><td> Adatveszt\u00e9si lehet\u0151s\u00e9gek <\/td><td>  Ahol \u00fczemel a NAS ott ingatlanba keletkezett k\u00e1r okozat adatveszt\u00e9st mint p\u00e9ld\u00e1ul t\u0171z, vill\u00e1m vagy v\u00edz, de ezek is kik\u00fcsz\u00f6b\u00f6lhet\u0151 mert mikor felm\u00e9rj\u00fck az ig\u00e9nyeit akkor biztons\u00e1gi megold\u00e1sokat is felm\u00e9rj\u00fck \u00e9s tesz\u00fcnk egy aj\u00e1nlatott, hogy magas legyen a biztons\u00e1g, de az\u00e9rt m\u00e9g megfizethet\u0151 maradjon. <\/td><td> Ezek a szolg\u00e1ltat\u00e1sok havid\u00edjasok \u00e9s valami hiba miatt nincs fizetve akkor ak\u00e1r el is veszthetnek az adatok \u00f6nhib\u00e1n k\u00edv\u00fcl. Ez lehet banki hiba, ami miatt nem megy el az utal\u00e1s. <\/td><td> Elveszik az eszk\u00f6z, leesik s\u00e9r\u00fcl, hib\u00e1s usb port vagy hib\u00e1s k\u00e1bel okozhat adatveszt\u00e9s<br>Adatok vissza\u00e1ll\u00edt\u00e1sa hatalmas k\u00f6lts\u00e9g, p\u00f3tolhatatlan adatokat kock\u00e1zatos \u00edgy t\u00e1rolni. <\/td><\/tr><tr><td> T\u00e1rhely <\/td><td> 1Tb-t\u00f3l ak\u00e1r korl\u00e1tlan <\/td><td> 0,05Tb-2Tb <\/td><td> 8Gb-2Tb k\u00f6z\u00f6tt <\/td><\/tr><tr><td> Alkalmaz\u00e1sok <\/td><td> Rengeteg program telep\u00edthet\u0151 az ig\u00e9nyeinek megfelel\u0151en <\/td><td> Korl\u00e1tozottan van <\/td><td> Nincs <\/td><\/tr><\/tbody><\/table><\/figure>","protected":false},"excerpt":{"rendered":"<p>Nas szerver otthoni \u00e9s irodai haszn\u00e1latra NAS EGY INTELLIGENS ADATT\u00c1ROL\u00c1SI MEGOLD\u00c1S OTTHONI \u00c9S IRODAI HASZN\u00c1LATHOZ Az \u00faj Mac sz\u00e1m\u00edt\u00f3g\u00e9pek m\u00e1r alaplapra integr\u00e1lt ssd-vel \u00e9rkeznek, ami el\u00e9g kev\u00e9s t\u00e1rhellyel v\u00e1s\u00e1rolhat\u00f3 meg \u00e9s r\u00e1ad\u00e1sul \u00faj g\u00e9pekn\u00e9l magas fel\u00e1rat k\u00e9rnek a kicsivel nagyobb t\u00e1rhelyek\u00e9rt. A haszn\u00e1lt piacra is hat\u00e1ssal van a kev\u00e9s t\u00e1rhely mert nem sokan fizett\u00e9k meg<\/p>\n<div class=\"readmore\"><a class=\"btn slider-btn1\" href=\"https:\/\/almaklinika.eu\/en\/nas\/\">Read More&#8230;<\/a><\/div>","protected":false},"author":2,"featured_media":0,"parent":0,"menu_order":0,"comment_status":"closed","ping_status":"closed","template":"","meta":{"ngg_post_thumbnail":0,"footnotes":""},"class_list":["post-992","page","type-page","status-publish","hentry"],"_links":{"self":[{"href":"https:\/\/almaklinika.eu\/en\/wp-json\/wp\/v2\/pages\/992","targetHints":{"allow":["GET"]}}],"collection":[{"href":"https:\/\/almaklinika.eu\/en\/wp-json\/wp\/v2\/pages"}],"about":[{"href":"https:\/\/almaklinika.eu\/en\/wp-json\/wp\/v2\/types\/page"}],"author":[{"embeddable":true,"href":"https:\/\/almaklinika.eu\/en\/wp-json\/wp\/v2\/users\/2"}],"replies":[{"embeddable":true,"href":"https:\/\/almaklinika.eu\/en\/wp-json\/wp\/v2\/comments?post=992"}],"version-history":[{"count":14,"href":"https:\/\/almaklinika.eu\/en\/wp-json\/wp\/v2\/pages\/992\/revisions"}],"predecessor-version":[{"id":2127,"href":"https:\/\/almaklinika.eu\/en\/wp-json\/wp\/v2\/pages\/992\/revisions\/2127"}],"wp:attachment":[{"href":"https:\/\/almaklinika.eu\/en\/wp-json\/wp\/v2\/media?parent=992"}],"curies":[{"name":"wp","href":"https:\/\/api.w.org\/{rel}","templated":true}]}}