{"id":7,"date":"2018-05-28T21:12:20","date_gmt":"2018-05-28T21:12:20","guid":{"rendered":"http:\/\/almaklinika.eu\/?page_id=7"},"modified":"2026-03-30T09:31:21","modified_gmt":"2026-03-30T09:31:21","slug":"elerhetoseg","status":"publish","type":"page","link":"https:\/\/almaklinika.eu\/en\/elerhetoseg\/","title":{"rendered":"Contacts"},"content":{"rendered":"<h2 style=\"text-align: center;\"><strong>Contacts<\/strong><\/h2>\n<p>&nbsp;<\/p>\n<h4 style=\"text-align: center;\">&nbsp;<\/h4>\n<h4 style=\"text-align: center;\"><a href=\"https:\/\/almaklinika.eu\/wp-content\/uploads\/2022\/08\/0813.jpg\"><br><\/a>1118 Budapest, R\u00e9tk\u00f6z utca 43\/B. (Gazdagr\u00e9t)<\/h4>\n<h4 style=\"text-align: center;\">E-mail: info@almaklinika.eu<\/h4>\n<h4 style=\"text-align: center;\">Phone: +36309828084 (viber, whatsapp)<\/h4>\n<h2 style=\"text-align: center;\">Opening Time<\/h2>\n<h4 style=\"text-align: center;\">Monday: 10.00 - 18.00<\/h4>\n<p style=\"text-align: center;\"><strong>Tuesday : 11.00 - 18.00<\/strong><\/p>\n<p style=\"text-align: center;\"><strong>Wednesday: 10.00 - 18.00<\/strong><\/p>\n<p style=\"text-align: center;\"><strong>Thursday: 11.00 - 18.00<\/strong><\/p>\n<p style=\"text-align: center;\"><strong>Friday: 10.00 - 18.00<\/strong><\/p>\n<h4 style=\"text-align: center;\">Saturday: 10.00 - 14.00<\/h4>\n<h4 style=\"text-align: center;\">Sunday: Closed<\/h4>\n<p>&nbsp;<\/p>\n<p><strong>Scan QR and save our contacts <\/strong><\/p>\n<p><a href=\"https:\/\/almaklinika.eu\/wp-content\/uploads\/2022\/09\/frame.png\"><img loading=\"lazy\" decoding=\"async\" class=\"aligncenter size-full wp-image-1507\" src=\"https:\/\/almaklinika.eu\/wp-content\/uploads\/2022\/09\/frame.png\" alt=\"\" width=\"300\" height=\"300\" srcset=\"https:\/\/almaklinika.eu\/wp-content\/uploads\/2022\/09\/frame.png 300w, https:\/\/almaklinika.eu\/wp-content\/uploads\/2022\/09\/frame-12x12.png 12w, https:\/\/almaklinika.eu\/wp-content\/uploads\/2022\/09\/frame-150x150.png 150w\" sizes=\"auto, (max-width: 300px) 100vw, 300px\" \/><\/a><\/p>\n\n\n<p><\/p>","protected":false},"excerpt":{"rendered":"<p>El\u00e9rhet\u0151s\u00e9geink &nbsp; &nbsp; 1118 Budapest, R\u00e9tk\u00f6z utca 43\/B. (Gazdagr\u00e9t) E-mail: info@almaklinika.eu Mobil: +36309828084 (viber,whatsapp) Nyitvatart\u00e1s: H\u00e9tf\u0151: 10:00 &#8211; 18:00 Kedd: 11:00 &#8211; 18:00 Szerda: 10:00 &#8211; 18:00 Cs\u00fct\u00f6rt\u00f6k: 11:00 &#8211; 18:00 P\u00e9ntek: 10:00 &#8211; 18:00 Szombat: 10:00 &#8211; 14:00 Vas\u00e1rnap: Z\u00c1RVA &nbsp; N\u00e9vjegy\u00fcnk gyors ment\u00e9se:<\/p>","protected":false},"author":3,"featured_media":0,"parent":0,"menu_order":0,"comment_status":"closed","ping_status":"closed","template":"","meta":{"ngg_post_thumbnail":0,"footnotes":""},"class_list":["post-7","page","type-page","status-publish","hentry"],"_links":{"self":[{"href":"https:\/\/almaklinika.eu\/en\/wp-json\/wp\/v2\/pages\/7","targetHints":{"allow":["GET"]}}],"collection":[{"href":"https:\/\/almaklinika.eu\/en\/wp-json\/wp\/v2\/pages"}],"about":[{"href":"https:\/\/almaklinika.eu\/en\/wp-json\/wp\/v2\/types\/page"}],"author":[{"embeddable":true,"href":"https:\/\/almaklinika.eu\/en\/wp-json\/wp\/v2\/users\/3"}],"replies":[{"embeddable":true,"href":"https:\/\/almaklinika.eu\/en\/wp-json\/wp\/v2\/comments?post=7"}],"version-history":[{"count":91,"href":"https:\/\/almaklinika.eu\/en\/wp-json\/wp\/v2\/pages\/7\/revisions"}],"predecessor-version":[{"id":2222,"href":"https:\/\/almaklinika.eu\/en\/wp-json\/wp\/v2\/pages\/7\/revisions\/2222"}],"wp:attachment":[{"href":"https:\/\/almaklinika.eu\/en\/wp-json\/wp\/v2\/media?parent=7"}],"curies":[{"name":"wp","href":"https:\/\/api.w.org\/{rel}","templated":true}]}}