{"id":65,"date":"2018-05-29T14:42:36","date_gmt":"2018-05-29T14:42:36","guid":{"rendered":"http:\/\/almaklinika.eu\/?page_id=65"},"modified":"2018-05-31T06:22:47","modified_gmt":"2018-05-31T06:22:47","slug":"szerviz","status":"publish","type":"page","link":"https:\/\/almaklinika.eu\/en\/szerviz\/","title":{"rendered":"Service"},"content":{"rendered":"<h2 style=\"text-align: center;\"><strong>Leesett, v\u00edzbe esett, \u00f6sszet\u00f6rt, lefagy, hamar lemer\u00fcl, kikapcsolgat? Lehet az iPhone, iPad, Macbook, vagy iMac. Van megold\u00e1s!\u00a0<\/strong><\/h2>\n<h2 style=\"text-align: center;\"><strong>A szervizel\u00e9s legt\u00f6bb esetben helyben t\u00f6rt\u00e9nik, a probl\u00e9m\u00e1t igyeksz\u00fcnk azonnal felt\u00e1rni \u00e9s lehet\u0151s\u00e9gekhez m\u00e9rten megoldani. A v\u00e1rakoz\u00e1si id\u0151t a k\u00e9nyelemmel pr\u00f3b\u00e1ljuk kompenz\u00e1lni, valamint a kijelz\u0151 cser\u00e9kn\u00e9l, mechanikus gombok cser\u00e9j\u00e9n\u00e9l, k\u00fcls\u0151 h\u00e1z cser\u00e9j\u00e9n\u00e9l, ami esetlegesen 25 percet vagy ann\u00e1l t\u00f6bbet is ig\u00e9nybe vehet, k\u00e1v\u00e9val, \u00fcd\u00edt\u0151vel kedvesked\u00fcnk az \u00d6n sz\u00e1m\u00e1ra. S\u0151t mi t\u00f6bb a v\u00e1rakoz\u00e1st hasznoss\u00e1 t\u00e9ve, mivel \u00d6n a k\u00e9sz\u00fcl\u00e9ke jav\u00edt\u00e1s\u00e1ra v\u00e1r, biztos\u00edtunk arra az id\u0151re az \u00fczletben haszn\u00e1lhat\u00f3 ipadet, b\u00f6ng\u00e9szni, e-mailezni, online lenni.\u00a0<\/strong><\/h2>\n<h2 style=\"text-align: center;\"><strong>Kedvez\u0151 \u00e1rszab\u00e1s mellett, kiemelked\u0151 kiszolg\u00e1l\u00e1sban lehet r\u00e9sze, ha az Alma Klinik\u00e1t v\u00e1lasztja.\u00a0<\/strong><\/h2>\n<h2 style=\"text-align: center;\">Az \u00e1rakkal kapcsolatban e-mailes megkeres\u00e9s\u00e9re, azonnal v\u00e1laszolunk.<\/h2>\n<h2 style=\"text-align: center;\"><strong>K\u00f6sz\u00f6nj\u00fck megtisztel\u0151 bizalm\u00e1t!\u00a0<\/strong><\/h2>\n<p style=\"text-align: center;\">\n<div class=\"wpcf7 no-js\" id=\"wpcf7-f83-o1\" lang=\"hu-HU\" dir=\"ltr\" data-wpcf7-id=\"83\">\n<div class=\"screen-reader-response\"><p role=\"status\" aria-live=\"polite\" aria-atomic=\"true\"><\/p> <ul><\/ul><\/div>\n<form action=\"\/en\/wp-json\/wp\/v2\/pages\/65#wpcf7-f83-o1\" method=\"post\" class=\"wpcf7-form init\" aria-label=\"Kapcsolatfelv\u00e9teli \u0171rlap\" novalidate=\"novalidate\" data-status=\"init\" data-trp-original-action=\"\/en\/wp-json\/wp\/v2\/pages\/65#wpcf7-f83-o1\">\n<fieldset class=\"hidden-fields-container\"><input type=\"hidden\" name=\"_wpcf7\" value=\"83\" \/><input type=\"hidden\" name=\"_wpcf7_version\" value=\"6.1.5\" \/><input type=\"hidden\" name=\"_wpcf7_locale\" value=\"hu_HU\" \/><input type=\"hidden\" name=\"_wpcf7_unit_tag\" value=\"wpcf7-f83-o1\" \/><input type=\"hidden\" name=\"_wpcf7_container_post\" value=\"0\" \/><input type=\"hidden\" name=\"_wpcf7_posted_data_hash\" value=\"\" \/>\n<\/fieldset>\n<p><label> Name (*)<br \/>\n<span class=\"wpcf7-form-control-wrap\" data-name=\"your-name\"><input size=\"40\" maxlength=\"400\" class=\"wpcf7-form-control wpcf7-text wpcf7-validates-as-required\" aria-required=\"true\" aria-invalid=\"false\" value=\"\" type=\"text\" name=\"your-name\" \/><\/span> <\/label>\n<\/p>\n<p><label> E-mail address (*)<br \/>\n<span class=\"wpcf7-form-control-wrap\" data-name=\"your-email\"><input size=\"40\" maxlength=\"400\" class=\"wpcf7-form-control wpcf7-email wpcf7-validates-as-required wpcf7-text wpcf7-validates-as-email\" aria-required=\"true\" aria-invalid=\"false\" value=\"\" type=\"email\" name=\"your-email\" \/><\/span> <\/label>\n<\/p>\n<p><label> Object<br \/>\n<span class=\"wpcf7-form-control-wrap\" data-name=\"your-subject\"><input size=\"40\" maxlength=\"400\" class=\"wpcf7-form-control wpcf7-text\" aria-invalid=\"false\" value=\"\" type=\"text\" name=\"your-subject\" \/><\/span> <\/label>\n<\/p>\n<p><label> Message<br \/>\n<span class=\"wpcf7-form-control-wrap\" data-name=\"your-message\"><textarea cols=\"40\" rows=\"10\" maxlength=\"2000\" class=\"wpcf7-form-control wpcf7-textarea\" aria-invalid=\"false\" name=\"your-message\"><\/textarea><\/span> <\/label>\n<\/p>\n<p><input class=\"wpcf7-form-control wpcf7-submit has-spinner\" type=\"submit\" value=\"Send\" \/>\n<\/p><div class=\"wpcf7-response-output\" aria-hidden=\"true\"><\/div>\n<input type=\"hidden\" name=\"trp-form-language\" value=\"en\"\/><\/form>\n<\/div>\n<\/p>","protected":false},"excerpt":{"rendered":"<p>Leesett, v\u00edzbe esett, \u00f6sszet\u00f6rt, lefagy, hamar lemer\u00fcl, kikapcsolgat? Lehet az iPhone, iPad, Macbook, vagy iMac. Van megold\u00e1s!\u00a0 A szervizel\u00e9s legt\u00f6bb esetben helyben t\u00f6rt\u00e9nik, a probl\u00e9m\u00e1t igyeksz\u00fcnk azonnal felt\u00e1rni \u00e9s lehet\u0151s\u00e9gekhez m\u00e9rten megoldani. A v\u00e1rakoz\u00e1si id\u0151t a k\u00e9nyelemmel pr\u00f3b\u00e1ljuk kompenz\u00e1lni, valamint a kijelz\u0151 cser\u00e9kn\u00e9l, mechanikus gombok cser\u00e9j\u00e9n\u00e9l, k\u00fcls\u0151 h\u00e1z cser\u00e9j\u00e9n\u00e9l, ami esetlegesen 25 percet vagy ann\u00e1l<\/p>\n<div class=\"readmore\"><a class=\"btn slider-btn1\" href=\"https:\/\/almaklinika.eu\/en\/szerviz\/\">Read More&#8230;<\/a><\/div>","protected":false},"author":3,"featured_media":0,"parent":0,"menu_order":0,"comment_status":"closed","ping_status":"closed","template":"","meta":{"ngg_post_thumbnail":0,"footnotes":""},"class_list":["post-65","page","type-page","status-publish","hentry"],"_links":{"self":[{"href":"https:\/\/almaklinika.eu\/en\/wp-json\/wp\/v2\/pages\/65","targetHints":{"allow":["GET"]}}],"collection":[{"href":"https:\/\/almaklinika.eu\/en\/wp-json\/wp\/v2\/pages"}],"about":[{"href":"https:\/\/almaklinika.eu\/en\/wp-json\/wp\/v2\/types\/page"}],"author":[{"embeddable":true,"href":"https:\/\/almaklinika.eu\/en\/wp-json\/wp\/v2\/users\/3"}],"replies":[{"embeddable":true,"href":"https:\/\/almaklinika.eu\/en\/wp-json\/wp\/v2\/comments?post=65"}],"version-history":[{"count":8,"href":"https:\/\/almaklinika.eu\/en\/wp-json\/wp\/v2\/pages\/65\/revisions"}],"predecessor-version":[{"id":106,"href":"https:\/\/almaklinika.eu\/en\/wp-json\/wp\/v2\/pages\/65\/revisions\/106"}],"wp:attachment":[{"href":"https:\/\/almaklinika.eu\/en\/wp-json\/wp\/v2\/media?parent=65"}],"curies":[{"name":"wp","href":"https:\/\/api.w.org\/{rel}","templated":true}]}}