{"id":6,"date":"2018-05-28T21:12:20","date_gmt":"2018-05-28T21:12:20","guid":{"rendered":"http:\/\/almaklinika.eu\/?page_id=6"},"modified":"2026-03-30T08:53:51","modified_gmt":"2026-03-30T08:53:51","slug":"nevjegy","status":"publish","type":"page","link":"https:\/\/almaklinika.eu\/en\/","title":{"rendered":"About us"},"content":{"rendered":"<figure class=\"wp-block-image\"><img decoding=\"async\" src=\"blob:http:\/\/almaklinika.eu\/dd9b08f4-4d4b-44ec-bf8e-84bd9ba36b1d\" alt=\"\"\/><\/figure>\n\n\n<h1 style=\"text-align: center;\"><strong>Alma Klinika Gazdagr\u00e9t - Distribution of Apple products and service<\/strong><\/h1>\n<p>&nbsp;<\/p>\n<p>&nbsp;<\/p>\n<p style=\"text-align: center;\">C\u00e9g\u00fcnk <strong>kiz\u00e1r\u00f3lag Apple term\u00e9kek<\/strong> forgalmaz\u00e1s\u00e1val \u00e9s szervizel\u00e9s\u00e9vel foglalkozik. iPod, iPhone, iPad, Macbook, iMac-ek <strong>szervizel\u00e9se<\/strong> legt\u00f6bb esetben&nbsp;<strong>HELYBEN<\/strong> t\u00f6rt\u00e9nik.<\/p>\n<p style=\"text-align: center;\">Boltunkat, arra az \u00fczleti strat\u00e9gi\u00e1ra \u00e9p\u00edtett\u00fck, hogy a h\u00e9tk\u00f6znapi ember sz\u00e1m\u00e1ra \u2013 ak\u00e1rcsak mi magunk is \u2013 <strong>el\u00e9rhet\u0151 \u00e1rakon<\/strong> tudjunk <strong>kiv\u00e1l\u00f3 min\u0151s\u00e9g\u0171 term\u00e9kekkel<\/strong> szolg\u00e1lni. A szerviz szolg\u00e1ltat\u00e1sn\u00e1l ez szint\u00e9n els\u0151dleges szempont volt, figyelembe vett\u00fck sz\u00e1mos \u201ckonkurencia\u201d k\u00edn\u00e1lat\u00e1t, szolg\u00e1ltat\u00e1saik \u00e1rait \u00e9s \u00fagy v\u00e9lj\u00fck remek aj\u00e1nlattal tudunk versenybe sz\u00e1llni.<\/p>\n<p style=\"text-align: center;\">Apr\u00f3bb, macer\u00e1sabb dolgokra is megold\u00e1st keres\u00fcnk, olyan probl\u00e9m\u00e1ra is, amire m\u00e1s m\u00e9g csak r\u00e1 sem n\u00e9zne. Tudjuk j\u00f3l mennyire fontos az, hogy a telefonunk, sz\u00e1m\u00edt\u00f3g\u00e9p\u00fcnk hib\u00e1tlanul m\u0171k\u00f6dj\u00f6n.<\/p>\n<p style=\"text-align: center;\">Ebben szeretn\u00e9nk mi&nbsp;seg\u00edt\u0151kezet ny\u00fajtani az \u00fcgyfelek sz\u00e1m\u00e1ra, <strong>r\u00f6vid hat\u00e1rid\u0151vel<\/strong> a bajt elh\u00e1r\u00edtani. Ez\u00e9rt gondoltuk, \u00fagy alak\u00edtjuk ki boltunkat, hogy <strong>helyben is elv\u00e9gezhet\u0151<\/strong> legyen sz\u00e1mos munka \u2013 kijelz\u0151,- akkumul\u00e1tor,- telefont m\u0171k\u00f6dtet\u0151 gombok cser\u00e9je, mindezt k\u00e9nyelmes,meghitt k\u00f6rnyezetben.<\/p>\n<p style=\"text-align: center;\"><strong>T\u00f6bb \u00e9ves szerviztapasztalattal rendelkez\u00fcnk!<\/strong><\/p>\n<p style=\"text-align: center;\">A kieg\u00e9sz\u00edt\u0151kre vonatkoz\u00f3 term\u00e9kk\u00edn\u00e1lat is sz\u00e9les palett\u00e1n pr\u00f3b\u00e1l megfelelni mindenki elv\u00e1r\u00e1s\u00e1nak. Amennyiben k\u00fcl\u00f6nleges ig\u00e9ny van, egyedi tok, vagy olyan term\u00e9k, ami \u00e9ppen az \u00fczletben nincs k\u00e9szleten, r\u00f6vid hat\u00e1rid\u0151vel beszerezz\u00fck. N\u00e1lunk az \u00e1rak alakul\u00e1sa&nbsp;soha, nem megy a min\u0151s\u00e9g rov\u00e1s\u00e1ra, ez egy f\u0151 szempontunk, ez\u00e9rt v\u00e1llalunk az elv\u00e9gzett munk\u00e1ra \u00e9s \u00e9rt\u00e9kes\u00edtett tartoz\u00e9kokra tart\u00f3san garanci\u00e1t.<\/p>\n<p style=\"text-align: center;\">Igyekezt\u00fcnk az oldalt egyszer\u0171 megjelen\u00e9sben, egyszer\u0171en kezelhet\u0151 fel\u00fclettel elk\u00e9sz\u00edteni, hogy ebben is lecs\u00f6kkents\u00fck a hosszas\/unalmas b\u00f6ng\u00e9sz\u00e9st, szerint\u00fcnk siker\u00fclt egy letisztult, l\u00e9nyegret\u00f6r\u0151 weblapot l\u00e9trehozni. Csak a sz\u00fcks\u00e9ges dolgok, csak a l\u00e9nyeg.<\/p>\nngg_shortcode_0_placeholder","protected":false},"excerpt":{"rendered":"<p>Alma Klinika Gazdagr\u00e9t \u2013 Apple term\u00e9kek forgalmaz\u00e1sa, szervizel\u00e9se &nbsp; &nbsp; C\u00e9g\u00fcnk kiz\u00e1r\u00f3lag Apple term\u00e9kek forgalmaz\u00e1s\u00e1val \u00e9s szervizel\u00e9s\u00e9vel foglalkozik. iPod, iPhone, iPad, Macbook, iMac-ek szervizel\u00e9se legt\u00f6bb esetben&nbsp;HELYBEN t\u00f6rt\u00e9nik. Boltunkat, arra az \u00fczleti strat\u00e9gi\u00e1ra \u00e9p\u00edtett\u00fck, hogy a h\u00e9tk\u00f6znapi ember sz\u00e1m\u00e1ra \u2013 ak\u00e1rcsak mi magunk is \u2013 el\u00e9rhet\u0151 \u00e1rakon tudjunk kiv\u00e1l\u00f3 min\u0151s\u00e9g\u0171 term\u00e9kekkel szolg\u00e1lni. A szerviz szolg\u00e1ltat\u00e1sn\u00e1l ez<\/p>\n<div class=\"readmore\"><a class=\"btn slider-btn1\" href=\"https:\/\/almaklinika.eu\/en\/\">Read More&#8230;<\/a><\/div>","protected":false},"author":3,"featured_media":0,"parent":0,"menu_order":0,"comment_status":"closed","ping_status":"closed","template":"","meta":{"ngg_post_thumbnail":0,"footnotes":""},"class_list":["post-6","page","type-page","status-publish","hentry"],"_links":{"self":[{"href":"https:\/\/almaklinika.eu\/en\/wp-json\/wp\/v2\/pages\/6","targetHints":{"allow":["GET"]}}],"collection":[{"href":"https:\/\/almaklinika.eu\/en\/wp-json\/wp\/v2\/pages"}],"about":[{"href":"https:\/\/almaklinika.eu\/en\/wp-json\/wp\/v2\/types\/page"}],"author":[{"embeddable":true,"href":"https:\/\/almaklinika.eu\/en\/wp-json\/wp\/v2\/users\/3"}],"replies":[{"embeddable":true,"href":"https:\/\/almaklinika.eu\/en\/wp-json\/wp\/v2\/comments?post=6"}],"version-history":[{"count":84,"href":"https:\/\/almaklinika.eu\/en\/wp-json\/wp\/v2\/pages\/6\/revisions"}],"predecessor-version":[{"id":2221,"href":"https:\/\/almaklinika.eu\/en\/wp-json\/wp\/v2\/pages\/6\/revisions\/2221"}],"wp:attachment":[{"href":"https:\/\/almaklinika.eu\/en\/wp-json\/wp\/v2\/media?parent=6"}],"curies":[{"name":"wp","href":"https:\/\/api.w.org\/{rel}","templated":true}]}}