{"id":411,"date":"2018-11-27T14:59:44","date_gmt":"2018-11-27T14:59:44","guid":{"rendered":"http:\/\/almaklinika.eu\/?page_id=411"},"modified":"2026-01-02T21:18:50","modified_gmt":"2026-01-02T21:18:50","slug":"magsafe","status":"publish","type":"page","link":"https:\/\/almaklinika.eu\/en\/magsafe\/","title":{"rendered":"Magsafe"},"content":{"rendered":"<p>Megs\u00e9r\u00fclt, elszakadt, m\u00e1r nem t\u00f6lt, vagy csak nem sz\u00edvesen haszn\u00e1lja \u00fagy, hogy sz\u00e9tbomlott a k\u00e1bel? Van r\u00e1 megold\u00e1s, sok esetben nem sz\u00fcks\u00e9ges \u00faj t\u00f6lt\u0151t venni, hiszen ezeket a k\u00e1beleket ki tudjuk cser\u00e9lni vadonat \u00fajra. \u00c9rdemes felvenni vel\u00fcnk a kapcsolatot \u00e9s megmondjuk, hogy van-e \u00e9ppen k\u00e9szleten a cser\u00e9lend\u0151 k\u00e1belb\u0151l, mikor tudjuk elv\u00e9gezni a jav\u00edt\u00e1st \u00e9s mennyi id\u0151t vesz ig\u00e9nybe. Aj\u00e1nlatk\u00e9r\u00e9s eset\u00e9n, \u00edrja le, MagSafe 1 \/ MagSafe 2 , h\u00e1ny Wattos \u00e9s m\u00e1r k\u00fcldj\u00fck is az inform\u00e1ci\u00f3kat.<\/p>\nngg_shortcode_0_placeholder","protected":false},"excerpt":{"rendered":"<p>Megs\u00e9r\u00fclt, elszakadt, m\u00e1r nem t\u00f6lt, vagy csak nem sz\u00edvesen haszn\u00e1lja \u00fagy, hogy sz\u00e9tbomlott a k\u00e1bel? Van r\u00e1 megold\u00e1s, sok esetben nem sz\u00fcks\u00e9ges \u00faj t\u00f6lt\u0151t venni, hiszen ezeket a k\u00e1beleket ki tudjuk cser\u00e9lni vadonat \u00fajra. \u00c9rdemes felvenni vel\u00fcnk a kapcsolatot \u00e9s megmondjuk, hogy van-e \u00e9ppen k\u00e9szleten a cser\u00e9lend\u0151 k\u00e1belb\u0151l, mikor tudjuk elv\u00e9gezni a jav\u00edt\u00e1st \u00e9s mennyi<\/p>\n<div class=\"readmore\"><a class=\"btn slider-btn1\" href=\"https:\/\/almaklinika.eu\/en\/magsafe\/\">Read More&#8230;<\/a><\/div>","protected":false},"author":3,"featured_media":0,"parent":0,"menu_order":0,"comment_status":"closed","ping_status":"closed","template":"","meta":{"ngg_post_thumbnail":0,"footnotes":""},"class_list":["post-411","page","type-page","status-publish","hentry"],"_links":{"self":[{"href":"https:\/\/almaklinika.eu\/en\/wp-json\/wp\/v2\/pages\/411","targetHints":{"allow":["GET"]}}],"collection":[{"href":"https:\/\/almaklinika.eu\/en\/wp-json\/wp\/v2\/pages"}],"about":[{"href":"https:\/\/almaklinika.eu\/en\/wp-json\/wp\/v2\/types\/page"}],"author":[{"embeddable":true,"href":"https:\/\/almaklinika.eu\/en\/wp-json\/wp\/v2\/users\/3"}],"replies":[{"embeddable":true,"href":"https:\/\/almaklinika.eu\/en\/wp-json\/wp\/v2\/comments?post=411"}],"version-history":[{"count":4,"href":"https:\/\/almaklinika.eu\/en\/wp-json\/wp\/v2\/pages\/411\/revisions"}],"predecessor-version":[{"id":2150,"href":"https:\/\/almaklinika.eu\/en\/wp-json\/wp\/v2\/pages\/411\/revisions\/2150"}],"wp:attachment":[{"href":"https:\/\/almaklinika.eu\/en\/wp-json\/wp\/v2\/media?parent=411"}],"curies":[{"name":"wp","href":"https:\/\/api.w.org\/{rel}","templated":true}]}}