{"id":117,"date":"2018-05-31T06:29:08","date_gmt":"2018-05-31T06:29:08","guid":{"rendered":"http:\/\/almaklinika.eu\/?page_id=117"},"modified":"2026-01-02T21:23:02","modified_gmt":"2026-01-02T21:23:02","slug":"imac","status":"publish","type":"page","link":"https:\/\/almaklinika.eu\/en\/imac\/","title":{"rendered":"iMac"},"content":{"rendered":"<h1>iMac eset\u00e9ben sokan nem tudj\u00e1k, &#8211; \u00e9s ez igaz a MacBookra is &#8211; rendszeres haszn\u00e1lat eset\u00e9n legal\u00e1bb 2 \u00e9vente sz\u00fcks\u00e9ges paszt\u00e1zni, a j\u00f3 h\u0171t\u00e9s \u00e9s hossz\u00fat\u00e1v\u00fa m\u0171k\u00f6d\u00e9s \u00e9rdek\u00e9ben.<\/h1>\n<h3>A paszt\u00e1z\u00e1s alatt, h\u0151vezet\u0151 paszta cser\u00e9j\u00e9r\u0151l van sz\u00f3. &nbsp;P\u00e1r k\u00e9pet felt\u00f6lt\u00f6tt\u00fcnk, ott lehet igaz\u00e1n l\u00e1tni az elhaszn\u00e1l\u00f3dott, kisz\u00e1radt paszt\u00e1t, majd a munkav\u00e9gz\u00e9s ut\u00e1n, frissen paszt\u00e1zott processzort. Az id\u0151 m\u00fal\u00e1s\u00e1val a por is lerak\u00f3dik a g\u00e9pekben, erre is van p\u00e1r remek k\u00e9p\u00fcnk, nem is kell ehhez t\u00f6bb \u00e9v, az egyik konkr\u00e9t eset ( a k\u00e9peken szerepl\u0151 g\u00e9p) 2 \u00e9ve volt takar\u00edtva.<\/h3>\n<ul>\n<li>\n<h4>Paszt\u00e1z\u00e1s \/ takar\u00edt\u00e1s<\/h4>\n<\/li>\n<li>\n<h4><strong>SSD b\u0151v\u00edt\u00e9s<\/strong><\/h4>\n<\/li>\n<li>\n<h4><strong>BGA \/ Vide\u00f3k\u00e1rtya \/ alaplapi chipek jav\u00edt\u00e1sa<\/strong><\/h4>\n<\/li>\n<li>\n<h4><strong>RAM b\u0151v\u00edt\u00e9s \/ RAM csere<\/strong><\/h4>\n<\/li>\n<li>\n<h4><strong>T\u00e1pegys\u00e9g jav\u00edt\u00e1s \/ csere<\/strong><\/h4>\n<\/li>\n<li><strong>Szoftveres jav\u00edt\u00e1s \/ OS X telep\u00edt\u00e9s&nbsp;<\/strong><\/li>\n<\/ul>\n<p><strong>\u00c1rakr\u00f3l <a href=\"http:\/\/almaklinika.eu\/en\/arajanlat\/\">itt<\/a> \u00e9rdekl\u0151dhet.<\/strong><\/p>\n<p><a href=\"http:\/\/almaklinika.eu\/wp-content\/uploads\/2018\/05\/IMG_20180514_110110.jpg\"><img loading=\"lazy\" decoding=\"async\" class=\"size-full wp-image-131\" src=\"http:\/\/almaklinika.eu\/wp-content\/uploads\/2018\/05\/IMG_20180514_110110.jpg\" alt=\"\" width=\"3968\" height=\"2976\" srcset=\"https:\/\/almaklinika.eu\/wp-content\/uploads\/2018\/05\/IMG_20180514_110110.jpg 3968w, https:\/\/almaklinika.eu\/wp-content\/uploads\/2018\/05\/IMG_20180514_110110-300x225.jpg 300w, https:\/\/almaklinika.eu\/wp-content\/uploads\/2018\/05\/IMG_20180514_110110-768x576.jpg 768w, https:\/\/almaklinika.eu\/wp-content\/uploads\/2018\/05\/IMG_20180514_110110-1024x768.jpg 1024w\" sizes=\"auto, (max-width: 3968px) 100vw, 3968px\" \/><\/a><\/p>\n<div class=\"mceTemp\">&nbsp;<\/div>\n<div class=\"mceTemp\">&nbsp;<\/div>\n<p><a href=\"http:\/\/almaklinika.eu\/wp-content\/uploads\/2018\/05\/IMG_20180514_110114.jpg\"><img loading=\"lazy\" decoding=\"async\" class=\"size-full wp-image-132\" src=\"http:\/\/almaklinika.eu\/wp-content\/uploads\/2018\/05\/IMG_20180514_110114.jpg\" alt=\"\" width=\"3968\" height=\"2976\" srcset=\"https:\/\/almaklinika.eu\/wp-content\/uploads\/2018\/05\/IMG_20180514_110114.jpg 3968w, https:\/\/almaklinika.eu\/wp-content\/uploads\/2018\/05\/IMG_20180514_110114-300x225.jpg 300w, https:\/\/almaklinika.eu\/wp-content\/uploads\/2018\/05\/IMG_20180514_110114-768x576.jpg 768w, https:\/\/almaklinika.eu\/wp-content\/uploads\/2018\/05\/IMG_20180514_110114-1024x768.jpg 1024w\" sizes=\"auto, (max-width: 3968px) 100vw, 3968px\" \/><\/a><\/p>\n<p><a href=\"http:\/\/almaklinika.eu\/wp-content\/uploads\/2018\/05\/IMG_20180514_110117.jpg\"><img loading=\"lazy\" decoding=\"async\" class=\"size-full wp-image-133\" src=\"http:\/\/almaklinika.eu\/wp-content\/uploads\/2018\/05\/IMG_20180514_110117.jpg\" alt=\"\" width=\"3968\" height=\"2976\" srcset=\"https:\/\/almaklinika.eu\/wp-content\/uploads\/2018\/05\/IMG_20180514_110117.jpg 3968w, https:\/\/almaklinika.eu\/wp-content\/uploads\/2018\/05\/IMG_20180514_110117-300x225.jpg 300w, https:\/\/almaklinika.eu\/wp-content\/uploads\/2018\/05\/IMG_20180514_110117-768x576.jpg 768w, https:\/\/almaklinika.eu\/wp-content\/uploads\/2018\/05\/IMG_20180514_110117-1024x768.jpg 1024w\" sizes=\"auto, (max-width: 3968px) 100vw, 3968px\" \/><\/a><\/p>\n<p><a href=\"http:\/\/almaklinika.eu\/wp-content\/uploads\/2018\/06\/IMG_20180514_125119.jpg\"><img loading=\"lazy\" decoding=\"async\" class=\"size-full wp-image-162\" src=\"http:\/\/almaklinika.eu\/wp-content\/uploads\/2018\/06\/IMG_20180514_125119.jpg\" alt=\"\" width=\"2976\" height=\"3968\" srcset=\"https:\/\/almaklinika.eu\/wp-content\/uploads\/2018\/06\/IMG_20180514_125119.jpg 2976w, https:\/\/almaklinika.eu\/wp-content\/uploads\/2018\/06\/IMG_20180514_125119-225x300.jpg 225w, https:\/\/almaklinika.eu\/wp-content\/uploads\/2018\/06\/IMG_20180514_125119-768x1024.jpg 768w\" sizes=\"auto, (max-width: 2976px) 100vw, 2976px\" \/><\/a><\/p>\n<p><a href=\"http:\/\/almaklinika.eu\/wp-content\/uploads\/2018\/06\/IMG_20180514_125114.jpg\"><img loading=\"lazy\" decoding=\"async\" class=\"size-full wp-image-164\" src=\"http:\/\/almaklinika.eu\/wp-content\/uploads\/2018\/06\/IMG_20180514_125114.jpg\" alt=\"\" width=\"2976\" height=\"3968\"><\/a><\/p>\n<p><a href=\"http:\/\/almaklinika.eu\/wp-content\/uploads\/2018\/06\/IMG_20180514_124812.jpg\"><img loading=\"lazy\" decoding=\"async\" class=\"size-full wp-image-163\" src=\"http:\/\/almaklinika.eu\/wp-content\/uploads\/2018\/06\/IMG_20180514_124812.jpg\" alt=\"\" width=\"3968\" height=\"2976\" srcset=\"https:\/\/almaklinika.eu\/wp-content\/uploads\/2018\/06\/IMG_20180514_124812.jpg 3968w, https:\/\/almaklinika.eu\/wp-content\/uploads\/2018\/06\/IMG_20180514_124812-300x225.jpg 300w, https:\/\/almaklinika.eu\/wp-content\/uploads\/2018\/06\/IMG_20180514_124812-768x576.jpg 768w, https:\/\/almaklinika.eu\/wp-content\/uploads\/2018\/06\/IMG_20180514_124812-1024x768.jpg 1024w\" sizes=\"auto, (max-width: 3968px) 100vw, 3968px\" \/><\/a><\/p>","protected":false},"excerpt":{"rendered":"<p>iMac eset\u00e9ben sokan nem tudj\u00e1k, &#8211; \u00e9s ez igaz a MacBookra is &#8211; rendszeres haszn\u00e1lat eset\u00e9n legal\u00e1bb 2 \u00e9vente sz\u00fcks\u00e9ges paszt\u00e1zni, a j\u00f3 h\u0171t\u00e9s \u00e9s hossz\u00fat\u00e1v\u00fa m\u0171k\u00f6d\u00e9s \u00e9rdek\u00e9ben. A paszt\u00e1z\u00e1s alatt, h\u0151vezet\u0151 paszta cser\u00e9j\u00e9r\u0151l van sz\u00f3. &nbsp;P\u00e1r k\u00e9pet felt\u00f6lt\u00f6tt\u00fcnk, ott lehet igaz\u00e1n l\u00e1tni az elhaszn\u00e1l\u00f3dott, kisz\u00e1radt paszt\u00e1t, majd a munkav\u00e9gz\u00e9s ut\u00e1n, frissen paszt\u00e1zott processzort. Az<\/p>\n<div class=\"readmore\"><a class=\"btn slider-btn1\" href=\"https:\/\/almaklinika.eu\/en\/imac\/\">Read More&#8230;<\/a><\/div>","protected":false},"author":3,"featured_media":0,"parent":0,"menu_order":0,"comment_status":"closed","ping_status":"closed","template":"","meta":{"ngg_post_thumbnail":0,"footnotes":""},"class_list":["post-117","page","type-page","status-publish","hentry"],"_links":{"self":[{"href":"https:\/\/almaklinika.eu\/en\/wp-json\/wp\/v2\/pages\/117","targetHints":{"allow":["GET"]}}],"collection":[{"href":"https:\/\/almaklinika.eu\/en\/wp-json\/wp\/v2\/pages"}],"about":[{"href":"https:\/\/almaklinika.eu\/en\/wp-json\/wp\/v2\/types\/page"}],"author":[{"embeddable":true,"href":"https:\/\/almaklinika.eu\/en\/wp-json\/wp\/v2\/users\/3"}],"replies":[{"embeddable":true,"href":"https:\/\/almaklinika.eu\/en\/wp-json\/wp\/v2\/comments?post=117"}],"version-history":[{"count":6,"href":"https:\/\/almaklinika.eu\/en\/wp-json\/wp\/v2\/pages\/117\/revisions"}],"predecessor-version":[{"id":2152,"href":"https:\/\/almaklinika.eu\/en\/wp-json\/wp\/v2\/pages\/117\/revisions\/2152"}],"wp:attachment":[{"href":"https:\/\/almaklinika.eu\/en\/wp-json\/wp\/v2\/media?parent=117"}],"curies":[{"name":"wp","href":"https:\/\/api.w.org\/{rel}","templated":true}]}}