{"id":115,"date":"2018-05-31T06:30:07","date_gmt":"2018-05-31T06:30:07","guid":{"rendered":"http:\/\/almaklinika.eu\/?page_id=115"},"modified":"2018-11-23T06:17:47","modified_gmt":"2018-11-23T06:17:47","slug":"macbook","status":"publish","type":"page","link":"https:\/\/almaklinika.eu\/en\/macbook\/","title":{"rendered":"Macbook"},"content":{"rendered":"<h1>Mint minden laptop, \u00edgy a MacBook is karbantart\u00e1sra szorul.<\/h1>\n<h3>Ahogyan azt az iMac eset\u00e9ben is le\u00edrtuk, a MacBook is rendszeres tiszt\u00edt\u00e1s t \u00e9s \u00e9vente paszt\u00e1z\u00e1st ig\u00e9nyel. Ezt r\u00f6vid hat\u00e1rid\u0151vel tudjuk v\u00e1llalni, f\u0151leg az\u00e9rt ker\u00fcl sor az azonnali munkav\u00e9gz\u00e9sre, hiszen a MacBook sokunknak munkaeszk\u00f6z, \u00edgy huzamosabb ideig nem mindenki tudja n\u00e9lk\u00fcl\u00f6zni.<\/h3>\n<p><strong>V\u00e1ratlan hiba eset\u00e9n, a bevizsg\u00e1l\u00e1s term\u00e9szetesen t\u00f6bb id\u0151t ig\u00e9nyel, nem egyik pillanatr\u00f3l a m\u00e1sikra t\u00f6rt\u00e9nik, de imm\u00e1ron mondhatjuk, hogy nagyon hat\u00e9konyan \u00e9s gyorsan dolgozunk, \u00edgy ez sem vesz ig\u00e9nybe hosszas heteket.<\/strong><\/p>\n<ul>\n<li>\n<h4>Paszt\u00e1z\u00e1s \/ takar\u00edt\u00e1s<\/h4>\n<\/li>\n<li>\n<h4><strong>SSD b\u0151v\u00edt\u00e9s<\/strong><\/h4>\n<\/li>\n<li>\n<h4><strong>BGA \/ Vide\u00f3k\u00e1rtya \/ alaplapi chipek jav\u00edt\u00e1sa<\/strong><\/h4>\n<\/li>\n<li>\n<h4><strong>RAM b\u0151v\u00edt\u00e9s \/ RAM csere<\/strong><\/h4>\n<\/li>\n<li>\n<h4><strong>Akkumul\u00e1tor csere<\/strong><\/h4>\n<\/li>\n<li><strong>Szoftveres jav\u00edt\u00e1s \/ OS X telep\u00edt\u00e9s&nbsp;<\/strong><\/li>\n<\/ul>\n<p><strong>\u00c1rakr\u00f3l <a href=\"http:\/\/almaklinika.eu\/en\/arajanlat\/\">itt<\/a> \u00e9rdekl\u0151dhet.<\/strong><\/p>\n<p><a href=\"http:\/\/almaklinika.eu\/wp-content\/uploads\/2018\/06\/IMG_20180503_103113.jpg\"><img loading=\"lazy\" decoding=\"async\" class=\"size-full wp-image-165\" src=\"http:\/\/almaklinika.eu\/wp-content\/uploads\/2018\/06\/IMG_20180503_103113.jpg\" alt=\"\" width=\"2976\" height=\"3968\" srcset=\"https:\/\/almaklinika.eu\/wp-content\/uploads\/2018\/06\/IMG_20180503_103113.jpg 2976w, https:\/\/almaklinika.eu\/wp-content\/uploads\/2018\/06\/IMG_20180503_103113-225x300.jpg 225w, https:\/\/almaklinika.eu\/wp-content\/uploads\/2018\/06\/IMG_20180503_103113-768x1024.jpg 768w\" sizes=\"auto, (max-width: 2976px) 100vw, 2976px\" \/><\/a><\/p>\n<p><a href=\"http:\/\/almaklinika.eu\/wp-content\/uploads\/2018\/06\/IMG_20180503_1040261.jpg\"><img loading=\"lazy\" decoding=\"async\" class=\"size-full wp-image-167\" src=\"http:\/\/almaklinika.eu\/wp-content\/uploads\/2018\/06\/IMG_20180503_1040261.jpg\" alt=\"\" width=\"2976\" height=\"3968\" srcset=\"https:\/\/almaklinika.eu\/wp-content\/uploads\/2018\/06\/IMG_20180503_1040261.jpg 2976w, https:\/\/almaklinika.eu\/wp-content\/uploads\/2018\/06\/IMG_20180503_1040261-225x300.jpg 225w, https:\/\/almaklinika.eu\/wp-content\/uploads\/2018\/06\/IMG_20180503_1040261-768x1024.jpg 768w\" sizes=\"auto, (max-width: 2976px) 100vw, 2976px\" \/><\/a><\/p>\n<p><a href=\"http:\/\/almaklinika.eu\/wp-content\/uploads\/2018\/06\/IMG_20180503_1042261.jpg\"><img loading=\"lazy\" decoding=\"async\" class=\"size-full wp-image-168\" src=\"http:\/\/almaklinika.eu\/wp-content\/uploads\/2018\/06\/IMG_20180503_1042261.jpg\" alt=\"\" width=\"2976\" height=\"3968\" srcset=\"https:\/\/almaklinika.eu\/wp-content\/uploads\/2018\/06\/IMG_20180503_1042261.jpg 2976w, https:\/\/almaklinika.eu\/wp-content\/uploads\/2018\/06\/IMG_20180503_1042261-225x300.jpg 225w, https:\/\/almaklinika.eu\/wp-content\/uploads\/2018\/06\/IMG_20180503_1042261-768x1024.jpg 768w\" sizes=\"auto, (max-width: 2976px) 100vw, 2976px\" \/><\/a><\/p>","protected":false},"excerpt":{"rendered":"<p>Mint minden laptop, \u00edgy a MacBook is karbantart\u00e1sra szorul. Ahogyan azt az iMac eset\u00e9ben is le\u00edrtuk, a MacBook is rendszeres tiszt\u00edt\u00e1s t \u00e9s \u00e9vente paszt\u00e1z\u00e1st ig\u00e9nyel. Ezt r\u00f6vid hat\u00e1rid\u0151vel tudjuk v\u00e1llalni, f\u0151leg az\u00e9rt ker\u00fcl sor az azonnali munkav\u00e9gz\u00e9sre, hiszen a MacBook sokunknak munkaeszk\u00f6z, \u00edgy huzamosabb ideig nem mindenki tudja n\u00e9lk\u00fcl\u00f6zni. V\u00e1ratlan hiba eset\u00e9n, a bevizsg\u00e1l\u00e1s<\/p>\n<div class=\"readmore\"><a class=\"btn slider-btn1\" href=\"https:\/\/almaklinika.eu\/en\/macbook\/\">Read More&#8230;<\/a><\/div>","protected":false},"author":3,"featured_media":0,"parent":0,"menu_order":0,"comment_status":"closed","ping_status":"closed","template":"","meta":{"ngg_post_thumbnail":0,"footnotes":""},"class_list":["post-115","page","type-page","status-publish","hentry"],"_links":{"self":[{"href":"https:\/\/almaklinika.eu\/en\/wp-json\/wp\/v2\/pages\/115","targetHints":{"allow":["GET"]}}],"collection":[{"href":"https:\/\/almaklinika.eu\/en\/wp-json\/wp\/v2\/pages"}],"about":[{"href":"https:\/\/almaklinika.eu\/en\/wp-json\/wp\/v2\/types\/page"}],"author":[{"embeddable":true,"href":"https:\/\/almaklinika.eu\/en\/wp-json\/wp\/v2\/users\/3"}],"replies":[{"embeddable":true,"href":"https:\/\/almaklinika.eu\/en\/wp-json\/wp\/v2\/comments?post=115"}],"version-history":[{"count":6,"href":"https:\/\/almaklinika.eu\/en\/wp-json\/wp\/v2\/pages\/115\/revisions"}],"predecessor-version":[{"id":402,"href":"https:\/\/almaklinika.eu\/en\/wp-json\/wp\/v2\/pages\/115\/revisions\/402"}],"wp:attachment":[{"href":"https:\/\/almaklinika.eu\/en\/wp-json\/wp\/v2\/media?parent=115"}],"curies":[{"name":"wp","href":"https:\/\/api.w.org\/{rel}","templated":true}]}}