{"id":113,"date":"2018-05-31T06:29:36","date_gmt":"2018-05-31T06:29:36","guid":{"rendered":"http:\/\/almaklinika.eu\/?page_id=113"},"modified":"2018-06-02T20:56:34","modified_gmt":"2018-06-02T20:56:34","slug":"ipad","status":"publish","type":"page","link":"https:\/\/almaklinika.eu\/en\/ipad\/","title":{"rendered":"iPad"},"content":{"rendered":"<h1>iPad jav\u00edt\u00e1sok \u00e1ltal\u00e1ban t\u00f6bb id\u0151t vesznek ig\u00e9nybe, mint az iPhoneok.<\/h1>\n<h3>Az \u00e9rint\u0151, esetenk\u00e9nt a kijelz\u0151 is, minden esetben bont\u00e1sra ker\u00fcl. Ennek visszaragaszt\u00e1sa \u00e9s pr\u00e9sel\u00e9se id\u0151ig\u00e9nyes \u00a0ragaszt\u00f3 sz\u00e1rad\u00e1sa miatt. A munk\u00e1latok, alkatr\u00e9szek cser\u00e9je az iphonehoz hasonl\u00f3an helyben t\u00f6rt\u00e9nik, a sz\u00e1rad\u00e1si id\u0151vel hosszabbodva.<\/h3>\n<h3>\u00c1rakkal kapcsolatban <a href=\"http:\/\/almaklinika.eu\/en\/arajanlat\/\">itt<\/a> lehet \u00e9rdekl\u0151dni.<\/h3>","protected":false},"excerpt":{"rendered":"<p>iPad jav\u00edt\u00e1sok \u00e1ltal\u00e1ban t\u00f6bb id\u0151t vesznek ig\u00e9nybe, mint az iPhoneok. Az \u00e9rint\u0151, esetenk\u00e9nt a kijelz\u0151 is, minden esetben bont\u00e1sra ker\u00fcl. Ennek visszaragaszt\u00e1sa \u00e9s pr\u00e9sel\u00e9se id\u0151ig\u00e9nyes \u00a0ragaszt\u00f3 sz\u00e1rad\u00e1sa miatt. A munk\u00e1latok, alkatr\u00e9szek cser\u00e9je az iphonehoz hasonl\u00f3an helyben t\u00f6rt\u00e9nik, a sz\u00e1rad\u00e1si id\u0151vel hosszabbodva. \u00c1rakkal kapcsolatban itt lehet \u00e9rdekl\u0151dni.<\/p>","protected":false},"author":3,"featured_media":0,"parent":0,"menu_order":0,"comment_status":"closed","ping_status":"closed","template":"","meta":{"ngg_post_thumbnail":0,"footnotes":""},"class_list":["post-113","page","type-page","status-publish","hentry"],"_links":{"self":[{"href":"https:\/\/almaklinika.eu\/en\/wp-json\/wp\/v2\/pages\/113","targetHints":{"allow":["GET"]}}],"collection":[{"href":"https:\/\/almaklinika.eu\/en\/wp-json\/wp\/v2\/pages"}],"about":[{"href":"https:\/\/almaklinika.eu\/en\/wp-json\/wp\/v2\/types\/page"}],"author":[{"embeddable":true,"href":"https:\/\/almaklinika.eu\/en\/wp-json\/wp\/v2\/users\/3"}],"replies":[{"embeddable":true,"href":"https:\/\/almaklinika.eu\/en\/wp-json\/wp\/v2\/comments?post=113"}],"version-history":[{"count":3,"href":"https:\/\/almaklinika.eu\/en\/wp-json\/wp\/v2\/pages\/113\/revisions"}],"predecessor-version":[{"id":172,"href":"https:\/\/almaklinika.eu\/en\/wp-json\/wp\/v2\/pages\/113\/revisions\/172"}],"wp:attachment":[{"href":"https:\/\/almaklinika.eu\/en\/wp-json\/wp\/v2\/media?parent=113"}],"curies":[{"name":"wp","href":"https:\/\/api.w.org\/{rel}","templated":true}]}}