{"id":111,"date":"2018-05-31T06:29:46","date_gmt":"2018-05-31T06:29:46","guid":{"rendered":"http:\/\/almaklinika.eu\/?page_id=111"},"modified":"2024-03-02T08:31:48","modified_gmt":"2024-03-02T08:31:48","slug":"iphone","status":"publish","type":"page","link":"https:\/\/almaklinika.eu\/en\/iphone\/","title":{"rendered":"iPhone"},"content":{"rendered":"<h2>iPhone szervizel\u00e9st, legyen az szoftveres, vagy hardveres, javar\u00e9szt helyben, azonnal v\u00e9gz\u00fcnk. Ide sorolhat\u00f3 p\u00e9ld\u00e1ul:<\/h2>\n<ul>\n<li>\n<h3>Kijelz\u0151 csere (30 &#8211; 45 perc)<\/h3>\n<\/li>\n<li>\n<h3>Akkumul\u00e1tor csere (30 &#8211; 40 perc)<\/h3>\n<\/li>\n<li>\n<h3>Hangsz\u00f3r\u00f3k cser\u00e9je (15 &#8211; 30 perc)<\/h3>\n<\/li>\n<li>\n<h3>Home gomb csere ( 20 &#8211; 30 perc)<\/h3>\n<\/li>\n<li>\n<h3>Wifi antenna csere (35 &#8211; 40 perc)<\/h3>\n<\/li>\n<li>\n<h3>\u00c1z\u00e1s eset\u00e9n (ultrahangos tiszt\u00edt\u00e1s) (45 &#8211; 60 perc)<\/h3>\n<\/li>\n<li>\n<h3>T\u00f6lt\u0151csatlakoz\u00f3 csere ( 60 &#8211; 120 perc)<\/h3>\n<\/li>\n<li>\n<h3>Power flex (bekapcsol\u00f3 gomb) Volume flex ( hanger\u0151szab\u00e1lyz\u00f3 gomb) csere (45 &#8211; 60 perc)<\/h3>\n<\/li>\n<\/ul>\n<h3>L\u00e1thatjuk, hogy ezek k\u00f6z\u00f6tt is van olyan, ami t\u00f6bb id\u0151t vesz ig\u00e9nybe, munk\u00e1kt\u00f3l f\u00fcgg\u0151en ezek is helysz\u00ednen megv\u00e1rhat\u00f3ak. Alaplapi jav\u00edt\u00e1sokat is v\u00e9gz\u00fcnk, ezeket hosszabb hat\u00e1rid\u0151vel tudjuk elv\u00e1llalni. Ebben az esetben nem mindig lehet id\u0151ben el\u0151re meghat\u00e1rozni, a hiba m\u00e9rt\u00e9k\u00e9t\u0151l f\u00fcgg\u0151en v\u00e1ltozhat.<\/h3>\n<h3>Tov\u00e1bbi \u00e1rakr\u00f3l \u00e9rdekl\u0151dj\u00f6n telefonon, vagy <a href=\"http:\/\/almaklinika.eu\/en\/arajanlat\/\">ide<\/a> kattintva.<\/h3>\n<p><a href=\"http:\/\/almaklinika.eu\/wp-content\/uploads\/2018\/05\/IMG_20180530_113612.jpg\"><img loading=\"lazy\" decoding=\"async\" class=\"size-full wp-image-137\" src=\"http:\/\/almaklinika.eu\/wp-content\/uploads\/2018\/05\/IMG_20180530_113612.jpg\" alt=\"\" width=\"3968\" height=\"2976\" srcset=\"https:\/\/almaklinika.eu\/wp-content\/uploads\/2018\/05\/IMG_20180530_113612.jpg 3968w, https:\/\/almaklinika.eu\/wp-content\/uploads\/2018\/05\/IMG_20180530_113612-300x225.jpg 300w, https:\/\/almaklinika.eu\/wp-content\/uploads\/2018\/05\/IMG_20180530_113612-768x576.jpg 768w, https:\/\/almaklinika.eu\/wp-content\/uploads\/2018\/05\/IMG_20180530_113612-1024x768.jpg 1024w\" sizes=\"auto, (max-width: 3968px) 100vw, 3968px\" \/><\/a><\/p>\n<p><a href=\"http:\/\/almaklinika.eu\/wp-content\/uploads\/2018\/05\/IMG_20180530_113903.jpg\"><img loading=\"lazy\" decoding=\"async\" class=\"size-full wp-image-138\" src=\"http:\/\/almaklinika.eu\/wp-content\/uploads\/2018\/05\/IMG_20180530_113903.jpg\" alt=\"\" width=\"3968\" height=\"2976\"><\/a><\/p>\n<p><a href=\"http:\/\/almaklinika.eu\/wp-content\/uploads\/2018\/05\/IMG_20180102_134617.jpg\"><img loading=\"lazy\" decoding=\"async\" class=\"size-full wp-image-141\" src=\"http:\/\/almaklinika.eu\/wp-content\/uploads\/2018\/05\/IMG_20180102_134617.jpg\" alt=\"\" width=\"2976\" height=\"3968\"><\/a><\/p>\n\n\n<p><\/p>","protected":false},"excerpt":{"rendered":"<p>iPhone szervizel\u00e9st, legyen az szoftveres, vagy hardveres, javar\u00e9szt helyben, azonnal v\u00e9gz\u00fcnk. Ide sorolhat\u00f3 p\u00e9ld\u00e1ul: Kijelz\u0151 csere (30 &#8211; 45 perc) Akkumul\u00e1tor csere (30 &#8211; 40 perc) Hangsz\u00f3r\u00f3k cser\u00e9je (15 &#8211; 30 perc) Home gomb csere ( 20 &#8211; 30 perc) Wifi antenna csere (35 &#8211; 40 perc) \u00c1z\u00e1s eset\u00e9n (ultrahangos tiszt\u00edt\u00e1s) (45 &#8211; 60 perc)<\/p>\n<div class=\"readmore\"><a class=\"btn slider-btn1\" href=\"https:\/\/almaklinika.eu\/en\/iphone\/\">Read More&#8230;<\/a><\/div>","protected":false},"author":3,"featured_media":0,"parent":0,"menu_order":0,"comment_status":"closed","ping_status":"closed","template":"","meta":{"ngg_post_thumbnail":0,"footnotes":""},"class_list":["post-111","page","type-page","status-publish","hentry"],"_links":{"self":[{"href":"https:\/\/almaklinika.eu\/en\/wp-json\/wp\/v2\/pages\/111","targetHints":{"allow":["GET"]}}],"collection":[{"href":"https:\/\/almaklinika.eu\/en\/wp-json\/wp\/v2\/pages"}],"about":[{"href":"https:\/\/almaklinika.eu\/en\/wp-json\/wp\/v2\/types\/page"}],"author":[{"embeddable":true,"href":"https:\/\/almaklinika.eu\/en\/wp-json\/wp\/v2\/users\/3"}],"replies":[{"embeddable":true,"href":"https:\/\/almaklinika.eu\/en\/wp-json\/wp\/v2\/comments?post=111"}],"version-history":[{"count":9,"href":"https:\/\/almaklinika.eu\/en\/wp-json\/wp\/v2\/pages\/111\/revisions"}],"predecessor-version":[{"id":2173,"href":"https:\/\/almaklinika.eu\/en\/wp-json\/wp\/v2\/pages\/111\/revisions\/2173"}],"wp:attachment":[{"href":"https:\/\/almaklinika.eu\/en\/wp-json\/wp\/v2\/media?parent=111"}],"curies":[{"name":"wp","href":"https:\/\/api.w.org\/{rel}","templated":true}]}}