{"id":1007,"date":"2020-11-10T15:27:20","date_gmt":"2020-11-10T15:27:20","guid":{"rendered":"http:\/\/almaklinika.eu\/?page_id=1007"},"modified":"2020-11-15T09:37:44","modified_gmt":"2020-11-15T09:37:44","slug":"ujdonsag","status":"publish","type":"page","link":"https:\/\/almaklinika.eu\/en\/ujdonsag\/","title":{"rendered":"New Arrivals"},"content":{"rendered":"<div class=\"wp-block-image\"><figure class=\"aligncenter\"><a href=\"http:\/\/almaklinika.eu\/en\/nas\/\"><img loading=\"lazy\" decoding=\"async\" width=\"1024\" height=\"677\" src=\"http:\/\/almaklinika.eu\/wp-content\/uploads\/2020\/11\/nas_apple-1024x677.jpg\" alt=\"\" class=\"wp-image-1018\" srcset=\"https:\/\/almaklinika.eu\/wp-content\/uploads\/2020\/11\/nas_apple-1024x677.jpg 1024w, https:\/\/almaklinika.eu\/wp-content\/uploads\/2020\/11\/nas_apple-300x198.jpg 300w, https:\/\/almaklinika.eu\/wp-content\/uploads\/2020\/11\/nas_apple-768x508.jpg 768w, https:\/\/almaklinika.eu\/wp-content\/uploads\/2020\/11\/nas_apple-264x176.jpg 264w, https:\/\/almaklinika.eu\/wp-content\/uploads\/2020\/11\/nas_apple.jpg 1341w\" sizes=\"auto, (max-width: 1024px) 100vw, 1024px\" \/><\/a><\/figure><\/div>\n\n\n\n<p style=\"text-align:center\"><strong>Home server for personal use instead of iCloud, Google Drive, One Drive.  No monthly fee<\/strong>. <strong>For more information click on the picture.<\/strong><\/p>","protected":false},"excerpt":{"rendered":"<p>Saj\u00e1t, otthoni szerver, iCloud, Google Drive, OneDrive \u00e9s egy\u00e9b havi d\u00edjas t\u00e1rhely szolg\u00e1ltat\u00f3k helyett. Tov\u00e1bbi inform\u00e1ci\u00f3k\u00e9rt kattintson a k\u00e9pre.<\/p>","protected":false},"author":3,"featured_media":0,"parent":0,"menu_order":0,"comment_status":"closed","ping_status":"closed","template":"","meta":{"ngg_post_thumbnail":0,"footnotes":""},"class_list":["post-1007","page","type-page","status-publish","hentry"],"_links":{"self":[{"href":"https:\/\/almaklinika.eu\/en\/wp-json\/wp\/v2\/pages\/1007","targetHints":{"allow":["GET"]}}],"collection":[{"href":"https:\/\/almaklinika.eu\/en\/wp-json\/wp\/v2\/pages"}],"about":[{"href":"https:\/\/almaklinika.eu\/en\/wp-json\/wp\/v2\/types\/page"}],"author":[{"embeddable":true,"href":"https:\/\/almaklinika.eu\/en\/wp-json\/wp\/v2\/users\/3"}],"replies":[{"embeddable":true,"href":"https:\/\/almaklinika.eu\/en\/wp-json\/wp\/v2\/comments?post=1007"}],"version-history":[{"count":7,"href":"https:\/\/almaklinika.eu\/en\/wp-json\/wp\/v2\/pages\/1007\/revisions"}],"predecessor-version":[{"id":1022,"href":"https:\/\/almaklinika.eu\/en\/wp-json\/wp\/v2\/pages\/1007\/revisions\/1022"}],"wp:attachment":[{"href":"https:\/\/almaklinika.eu\/en\/wp-json\/wp\/v2\/media?parent=1007"}],"curies":[{"name":"wp","href":"https:\/\/api.w.org\/{rel}","templated":true}]}}